{"id":29,"date":"2013-02-08T11:01:01","date_gmt":"2013-02-08T09:01:01","guid":{"rendered":"http:\/\/www.rc-kosice.sk\/?page_id=29"},"modified":"2013-02-08T11:32:54","modified_gmt":"2013-02-08T09:32:54","slug":"nase-ciele","status":"publish","type":"page","link":"https:\/\/www.rc-kosice.sk\/?page_id=29","title":{"rendered":"Na\u0161e ciele"},"content":{"rendered":"<div id=\"content\"><b>Na\u0161e ciele:<\/b><\/p>\n<ul>\n<li>komplexn\u00e1 diagnostika, stanovenie progn\u00f3zy na resocializ\u00e1ciu<\/li>\n<li>rozv\u00edjanie nov\u00fdch pozit\u00edvnych sk\u00fasenost\u00ed<\/li>\n<li>zmena negat\u00edvneho postoja k\u00a0\u0161kole, vzdel\u00e1vaniu, plneniu si \u0161kolsk\u00fdch povinnost\u00ed a\u00a0dodr\u017eiavaniu pravidiel<\/li>\n<li>systematick\u00e9 vytv\u00e1ranie dynamick\u00e9ho stereotypu pravideln\u00e9ho u\u010denia sa a\u00a0pr\u00edpravy na vyu\u010dovanie<\/li>\n<li>posil\u0148ovanie pozn\u00e1vac\u00edch a\u0161pir\u00e1ci\u00ed<\/li>\n<li>rozv\u00edjanie profesion\u00e1lnych z\u00e1ujmov a\u00a0kladn\u00e9ho vz\u0165ahu k\u00a0pr\u00e1ci<\/li>\n<li>rozv\u00edjanie schopnost\u00ed a\u00a0z\u00e1ujmu z\u00edskava\u0165 finan\u010dn\u00e9 prostriedky leg\u00e1lnym sp\u00f4sobom<\/li>\n<li>rozv\u00edjanie schopnost\u00ed, zru\u010dnost\u00ed a\u00a0n\u00e1vykov prezentova\u0165 prijate\u013en\u00fdm sp\u00f4sobom svoje n\u00e1zory a\u00a0po\u017eiadavky, vyjadri\u0165 i\u00a0prij\u00edma\u0165 kon\u0161trukt\u00edvnu kritiku (denn\u00e9 komunity), akt\u00edvne sa z\u00fa\u010dast\u0148ova\u0165 na spoluriaden\u00ed a\u00a0organizovan\u00ed \u017eivota v\u00a0na\u0161om zariaden\u00ed (\u010dlenstvo v\u00a0\u00fastavnej spoluspr\u00e1ve)<\/li>\n<li>rozv\u00edjanie tvorivosti, z\u00e1ujmov a\u00a0ich posil\u0148ovanie<\/li>\n<li>efekt\u00edvne, zmyslupln\u00e9 a\u00a0podnetn\u00e9 tr\u00e1venie vo\u013en\u00e9ho \u010dasu zacielen\u00e9 na emocion\u00e1lne obohacovanie a\u00a0soci\u00e1lne oce\u0148ovanie<\/li>\n<li>rozv\u00edjanie schopnosti uvo\u013e\u0148ova\u0165 agresivitu spolo\u010densky prijate\u013en\u00fdm sp\u00f4sobom<\/li>\n<li>vytvorenie predpokladov pre ich osobnostn\u00fa a\u00a0soci\u00e1lnu integr\u00e1ciu \u2013 teda \u010do naj\u00faspe\u0161nej\u0161\u00ed n\u00e1vrat det\u00ed do p\u00f4vodn\u00e9ho prostredia<\/li>\n<\/ul>\n<\/div>\n","protected":false},"excerpt":{"rendered":"<p>Na\u0161e ciele: komplexn\u00e1 diagnostika, stanovenie progn\u00f3zy na resocializ\u00e1ciu rozv\u00edjanie nov\u00fdch pozit\u00edvnych sk\u00fasenost\u00ed zmena negat\u00edvneho postoja k\u00a0\u0161kole, vzdel\u00e1vaniu, plneniu si \u0161kolsk\u00fdch povinnost\u00ed a\u00a0dodr\u017eiavaniu pravidiel systematick\u00e9 vytv\u00e1ranie dynamick\u00e9ho stereotypu pravideln\u00e9ho u\u010denia sa a\u00a0pr\u00edpravy na vyu\u010dovanie posil\u0148ovanie pozn\u00e1vac\u00edch a\u0161pir\u00e1ci\u00ed rozv\u00edjanie profesion\u00e1lnych z\u00e1ujmov a\u00a0kladn\u00e9ho &hellip; <a href=\"https:\/\/www.rc-kosice.sk\/?page_id=29\">Pokra\u010dova\u0165 v \u010d\u00edtan\u00ed <span class=\"meta-nav\">&rarr;<\/span><\/a><\/p>\n","protected":false},"author":1,"featured_media":0,"parent":7,"menu_order":3,"comment_status":"closed","ping_status":"open","template":"","meta":[],"aioseo_notices":[],"_links":{"self":[{"href":"https:\/\/www.rc-kosice.sk\/index.php?rest_route=\/wp\/v2\/pages\/29"}],"collection":[{"href":"https:\/\/www.rc-kosice.sk\/index.php?rest_route=\/wp\/v2\/pages"}],"about":[{"href":"https:\/\/www.rc-kosice.sk\/index.php?rest_route=\/wp\/v2\/types\/page"}],"author":[{"embeddable":true,"href":"https:\/\/www.rc-kosice.sk\/index.php?rest_route=\/wp\/v2\/users\/1"}],"replies":[{"embeddable":true,"href":"https:\/\/www.rc-kosice.sk\/index.php?rest_route=%2Fwp%2Fv2%2Fcomments&post=29"}],"version-history":[{"count":3,"href":"https:\/\/www.rc-kosice.sk\/index.php?rest_route=\/wp\/v2\/pages\/29\/revisions"}],"predecessor-version":[{"id":93,"href":"https:\/\/www.rc-kosice.sk\/index.php?rest_route=\/wp\/v2\/pages\/29\/revisions\/93"}],"up":[{"embeddable":true,"href":"https:\/\/www.rc-kosice.sk\/index.php?rest_route=\/wp\/v2\/pages\/7"}],"wp:attachment":[{"href":"https:\/\/www.rc-kosice.sk\/index.php?rest_route=%2Fwp%2Fv2%2Fmedia&parent=29"}],"curies":[{"name":"wp","href":"https:\/\/api.w.org\/{rel}","templated":true}]}}