{"id":18,"date":"2013-02-08T10:53:51","date_gmt":"2013-02-08T08:53:51","guid":{"rendered":"http:\/\/www.rc-kosice.sk\/?page_id=18"},"modified":"2015-12-14T14:58:03","modified_gmt":"2015-12-14T13:58:03","slug":"obstaravanie","status":"publish","type":"page","link":"https:\/\/www.rc-kosice.sk\/?page_id=18","title":{"rendered":"Obstar\u00e1vanie"},"content":{"rendered":"<table width=\"100%\" cellspacing=\"10px\">\n<tbody>\n<tr>\n<td colspan=\"3\" align=\"center\">Modern\u00e9 vzdel\u00e1vanie pre vedomostn\u00fa spolo\u010dnos\u0165\/Projekt je spolufinancovan\u00fd zo zdrojov E\u00da<\/td>\n<\/tr>\n<\/tbody>\n<\/table>\n<div id=\"page\">\n<p><b>V\u00fdzva na predkladanie pon\u00fak pri zad\u00e1van\u00ed podprahovej z\u00e1kazky na poskytnutie slu\u017eieb<\/b>(Zad\u00e1vanie podprahovej z\u00e1kazky na poskytnutie slu\u017eieb pod\u013ea z\u00e1kona \u010d. 25\/2006 Z. z. o\u00a0verejnom obstar\u00e1van\u00ed a\u00a0o\u00a0zmene a\u00a0doplnen\u00ed niektor\u00fdch z\u00e1konov (\u010falej len z\u00e1kon o\u00a0verejnom obstar\u00e1van\u00ed), \u00a7 99 a\u00a0nasl.)<\/p>\n<\/div>\n<ol>\n<li><b>Predmet obstar\u00e1vania<\/b><br \/>\n<b>,,Vypracovanie anal\u00fdz a\u00a0slu\u017eby spojen\u00e9 s\u00a0ich vypracovan\u00edm&#8220;<\/b> v\u00a0projekte ,,Sta\u0148me sa lep\u0161\u00edmi&#8220;<\/li>\n<li><b>Identifik\u00e1cia verejn\u00e9ho obstar\u00e1vate\u013ea<\/b><br \/>\n<table>\n<tbody>\n<tr>\n<td>N\u00e1zov organiz\u00e1cie:<\/td>\n<td>Reeduka\u010dn\u00e9 centrum Ko\u0161ice<\/td>\n<\/tr>\n<tr>\n<td>I\u010cO:<\/td>\n<td>00163368<\/td>\n<\/tr>\n<tr>\n<td>Zast\u00fapen\u00fd:<\/td>\n<td>Mgr. Tibor Palko<\/td>\n<\/tr>\n<tr>\n<td>Kontaktn\u00e1 osoba:<\/td>\n<td>Mgr. Vladim\u00edr Brind\u00e1k<\/td>\n<\/tr>\n<tr>\n<td>S\u00eddlo:<\/td>\n<\/tr>\n<tr>\n<td>Mesto (obec):<\/td>\n<td>Ko\u0161ice &#8211; D\u017eung\u013ea PS\u010c: 040 31<\/td>\n<\/tr>\n<tr>\n<td>Ulica:<\/td>\n<td>Bankov 15<\/td>\n<\/tr>\n<tr>\n<td>Telef\u00f3n:<\/td>\n<td>055 \/ 6337232<\/td>\n<\/tr>\n<tr>\n<td>Fax:<\/td>\n<td>055 \/ 6337233<\/td>\n<\/tr>\n<tr>\n<td>e-mail:<\/td>\n<td>rckosice@gmail.com<\/td>\n<\/tr>\n<tr>\n<td>Internetov\u00e1 str\u00e1nka:<\/td>\n<td>pangrac.info\/~lubo\/web\/rcbankov.sk\/actual<\/td>\n<\/tr>\n<\/tbody>\n<\/table>\n<\/li>\n<li><b>Opis predmetu obstar\u00e1vania<\/b><br \/>\nPredmetom obstar\u00e1vania je <b>,,Vypracovanie anal\u00fdz a\u00a0slu\u017eby spojen\u00e9 s\u00a0ich vypracovan\u00edm&#8220;<\/b> pre projekt ,,Sta\u0148me sa lep\u0161\u00edmi&#8220;<br \/>\nProjekt je zameran\u00fd na skvalitnenie vzdel\u00e1vacieho procesu a\u00a0jeho s\u00fa\u010das\u0165ou je\u00a0:<\/p>\n<ol>\n<li type=\"I\">Anal\u00fdza s\u00fa\u010dasn\u00e9ho programu praktick\u00fdch pracovn\u00fdch zru\u010dnost\u00ed<\/li>\n<li type=\"I\">Anal\u00fdza s\u00fa\u010dasn\u00e9ho programu rozvoja osobnosti, soci\u00e1lnych zru\u010dnost\u00ed a prevencie patologick\u00fdch javov \u017eiakov<\/li>\n<li type=\"I\">Vytvorenie metodickej \u010dasti programu<\/li>\n<li type=\"I\">Anal\u00fdza s\u00fa\u010dasn\u00e9ho stavu a zistenie potenci\u00e1lu na zlep\u0161enie rodinn\u00e9ho prostredia<\/li>\n<li type=\"I\">Extern\u00fd zahrani\u010dn\u00fd lektor<\/li>\n<li type=\"I\">Zahrani\u010dn\u00fd expert na implement\u00e1ciu<\/li>\n<\/ol>\n<p>Ide o\u00a0vypracovanie anal\u00fdz s\u00fa\u010dasn\u00e9ho v\u00fdchovno-vzdel\u00e1vacieho programu \u0161koly, vytvorenie metodickej \u010dasti programu a anal\u00fdzy s\u00fa\u010dasn\u00e9ho stavu a zistenie potenci\u00e1lu na zlep\u0161enie rodinn\u00e9ho prostredia. Na t\u00fdchto \u010dinnostiach bud\u00fa participova\u0165 aj zahrani\u010dn\u00ed lektori a\u00a0experti. Podrobn\u00fd opis predmetn\u00e9ho obstar\u00e1vania je v\u00a0S\u00fa\u0165a\u017en\u00fdch podkladoch v\u00a0\u010dasti <b><i>B Opis predmetu obstar\u00e1vania<\/i><\/b><\/li>\n<li><b>Predpokladan\u00e1 cena z\u00e1kazky<\/b><br \/>\nPredpokladan\u00e1 cena z\u00e1kazky je: <b>35 480 \u20ac<\/b>. Pre platcov DPH je t\u00e1to cena vr\u00e1tane DPH.<\/li>\n<li><b>Spolo\u010dn\u00fd slovn\u00edk obstar\u00e1vania \/CPV\/<\/b><br \/>\n<b>Hlavn\u00fd slovn\u00edk:<\/b> CPV \u2013 71241000-9 &#8211; \u0160t\u00fadia realizovate\u013enosti, poradensk\u00e1 slu\u017eba, anal\u00fdza<br \/>\n<b>Kateg\u00f3ria slu\u017eby:<\/b> 27<\/li>\n<li><b>Variantn\u00e9 rie\u0161enia a rozdelenie predmetu obstar\u00e1vania<\/b>\n<ol>\n<li>6.1 Mo\u017enos\u0165 predlo\u017eenia variantn\u00fdch rie\u0161en\u00ed: \u00a0 \u00a0 <input type=\"checkbox\" \/>\u00e1no <input checked=\"checked\" type=\"checkbox\" \/>nie<\/li>\n<li>6.2 Rozdelenie predmetu obstar\u00e1vania na \u010dasti: <input type=\"checkbox\" \/>\u00e1no <input checked=\"checked\" type=\"checkbox\" \/>nie<\/li>\n<\/ol>\n<\/li>\n<li><b>Lehota plnenia predmetu obstar\u00e1vania<\/b><br \/>\nLehota na splnenie cel\u00e9ho predmetu obstar\u00e1vania je najnesk\u00f4r do: 31.08.2012.<\/li>\n<li><b>Hlavn\u00e9 podmienky financovania a\u00a0platobn\u00e9 podmienky<\/b>\n<ol>\n<li>8.1 Predmet z\u00e1kazky bude financovan\u00fd z prostriedkov nen\u00e1vratn\u00e9ho finan\u010dn\u00e9ho pr\u00edspevku pre projekt \u201eSta\u0148me sa lep\u0161\u00edmi\u201c, k\u00f3d ITMS projektu 26130230016 vo v\u00fd\u0161ke 100%, pri\u010dom 85% opr\u00e1vnen\u00fdch v\u00fddavkov projektu sa hrad\u00ed z ESF a 15% zo \u0161t\u00e1tneho rozpo\u010dtu SR.<\/li>\n<li>8.2 Plnenie zmluvy je priebe\u017en\u00e9 plnenie pre bod 3, \u010dasti I. a\u017e VI. na z\u00e1klade p\u00edsomnej objedn\u00e1vky vystavenej minim\u00e1lne 30 dn\u00ed pred uskuto\u010dnen\u00edm plnenia.<\/li>\n<\/ol>\n<\/li>\n<li><b>Miesto a\u00a0sp\u00f4sob poskytovania s\u00fa\u0165a\u017en\u00fdch podkladov<\/b><br \/>\nReeduka\u010dn\u00e9 centrum, Bankov 15, 040 31 Ko\u0161ice &#8211; D\u017eung\u013ea<\/p>\n<ol>\n<li>9.1 Obstar\u00e1vate\u013e poskytne s\u00fa\u0165a\u017en\u00e9 podklady ka\u017ed\u00e9mu z\u00e1ujemcovi, ktor\u00fd mu doru\u010d\u00ed p\u00edsomn\u00fa \u017eiados\u0165 o\u00a0ich poskytnutie: <b>najnesk\u00f4r do 12.04.2010 do 14,00 hod<\/b>.<\/li>\n<li>9.2 P\u00edsomn\u00fa \u017eiados\u0165 o\u00a0poskytnutie s\u00fa\u0165a\u017en\u00fdch podkladov m\u00f4\u017ee z\u00e1ujemca doru\u010di\u0165 osobne, alebo po\u0161tou na adresu obstar\u00e1vate\u013ea:<br \/>\nReeduka\u010dn\u00e9 centrum<br \/>\nBankov 15<br \/>\n040 31 Ko\u0161ice &#8211; D\u017eung\u013ea<br \/>\nNa \u017eiados\u0165 o\u00a0poskytnutie s\u00fa\u0165a\u017en\u00fdch podkladov po uplynut\u00ed lehoty ur\u010denej na jej podanie sa nebude prihliada\u0165 a\u00a0s\u00fa\u0165a\u017en\u00e9 podklady sa z\u00e1ujemcovi neposkytn\u00fa.<\/li>\n<li>9.3 Osobn\u00e9 prevzatie s\u00fa\u0165a\u017en\u00fdch podkladov pri splnen\u00ed doru\u010denia \u017eiadosti pod\u013ea bodu 8.1 a\u00a08.2 je mo\u017en\u00e9 v\u00a0pracovn\u00fdch d\u0148och od 8,00 do 14,00 na adrese uvedenej v\u00a0bode 8.2.<\/li>\n<li>9.4 Obstar\u00e1vate\u013e vedie evidenciu o\u00a0poskytnut\u00ed s\u00fa\u0165a\u017en\u00fdch podkladoch.<\/li>\n<li>9.5 \u00dahrada za s\u00fa\u0165a\u017en\u00e9 podklady sa nepo\u017eaduje.<\/li>\n<\/ol>\n<\/li>\n<li><b>Vysvet\u013eovanie s\u00fa\u0165a\u017en\u00fdch podkladov<\/b><br \/>\nObstar\u00e1vate\u013e poskytne vysvetlenie \u00fadajov uveden\u00fdch vo v\u00fdzve a\u00a0v\u00a0s\u00fa\u0165a\u017en\u00fdch podkladoch na z\u00e1klade p\u00edsomnej \u017eiadosti o\u00a0vysvetlenie, doru\u010denej verejn\u00e9mu obstar\u00e1vate\u013eovi, do troch pracovn\u00fdch dn\u00ed od doru\u010denia \u017eiadosti o\u00a0vysvetlenie v\u0161etk\u00fdm zn\u00e1mym zainteresovan\u00fdm z\u00e1ujemcom. Z\u00e1ujemca m\u00f4\u017ee po\u017eiada\u0165 o\u00a0vysvetlenie najnesk\u00f4r do 16.04.2010.<\/li>\n<li><b>Podmienky \u00fa\u010dasti<\/b><br \/>\nObstar\u00e1vate\u013e pod\u013ea \u00a7 99 ods. 1 p\u00edsm. b) vy\u017eaduje na preuk\u00e1zanie splnenia podmienok \u00fa\u010dasti nasledovn\u00e9:<\/p>\n<ol>\n<li type=\"a\">Pod\u013ea \u00a7 26 ods. 1 p\u00edsm. f) z\u00e1kona o\u00a0verejnom obstar\u00e1van\u00ed, splnenie podmienky \u00fa\u010dasti t\u00fdkaj\u00facej sa:<br \/>\n<span style=\"text-decoration: underline;\">osobn\u00e9ho postavenia<\/span><\/li>\n<li type=\"a\">Uch\u00e1dza\u010d je opr\u00e1vnen\u00fd poskytova\u0165 slu\u017ebu, ktor\u00e1 je predmetom obstar\u00e1vania<br \/>\n<span style=\"text-decoration: underline;\">Preuk\u00e1zanie splnenie podmienky \u00fa\u010dasti:<\/span><br \/>\nUch\u00e1dza\u010d preuk\u00e1\u017ee splnenie podmienky \u00fa\u010dasti uvedenej v\u00a0bode 10 a) predlo\u017een\u00edm dokladu o\u00a0opr\u00e1vnen\u00ed podnika\u0165 alebo dokladom o\u00a0zap\u00edsan\u00ed v \u00a0profesijnom zozname vedenom profesijnou organiz\u00e1ciou.<br \/>\nUch\u00e1dza\u010d m\u00f4\u017ee nahradi\u0165 po\u017eadovan\u00fd doklad predlo\u017een\u00edm dokladu o\u00a0zap\u00edsan\u00ed do zoznamu podnikate\u013eov, v\u0161etko pod\u013ea \u00a7 128 ods. 1.<\/li>\n<\/ol>\n<\/li>\n<li><b>Vyhodnotenie splnenia podmienok \u00fa\u010dasti<\/b><br \/>\nSplnenie podmienok \u00fa\u010dasti bude posudzovan\u00e9 v\u00a0s\u00falade s\u00a0ozn\u00e1men\u00edm o\u00a0vyhl\u00e1sen\u00ed podprahovej z\u00e1kazky a\u00a0v\u00a0s\u00falade so s\u00fa\u0165a\u017en\u00fdmi podkladmi a\u00a0\u00a0z\u00a0verejn\u00e9ho obstar\u00e1vania bude vyl\u00fa\u010den\u00fd uch\u00e1dza\u010d, ktor\u00fd:<\/p>\n<ul>\n<li>nepreuk\u00e1zal splnenie podmienok \u00fa\u010dasti pod\u013ea bodu 10 tejto v\u00fdzvy,<\/li>\n<li>predlo\u017eil neplatn\u00e9 doklady,<\/li>\n<li>nepredlo\u017eil po\u017eadovan\u00e9 doklady alebo inform\u00e1cie,<\/li>\n<li>poskytol nepravdiv\u00e9 alebo skreslen\u00e9 inform\u00e1cie.<\/li>\n<\/ul>\n<\/li>\n<li><b>Krit\u00e9ria na vyhodnotenie pon\u00fak<\/b><br \/>\nJedin\u00fdm krit\u00e9riom na vyhodnotenie pon\u00fak je:<br \/>\n<b>Najni\u017e\u0161ia cena celkom za predmet obstar\u00e1vania,<\/b> t. j. cena vr\u00e1tane DPH v EUR.<\/li>\n<li><b>Obsah ponuky<\/b><br \/>\nPonuka mus\u00ed obsahova\u0165:<\/p>\n<ol>\n<li type=\"a\">doklady a\u00a0dokumenty preukazuj\u00face splnenie podmienok \u00fa\u010dasti pod\u013ea bodu 10 tejto v\u00fdzvy,<\/li>\n<li type=\"a\">vyhl\u00e1senie uch\u00e1dza\u010da, \u017ee s\u00fahlas\u00ed s\u00a0podmienkami a\u00a0po\u017eiadavkami uveden\u00fdmi v\u00a0s\u00fa\u0165a\u017en\u00fdch podkladoch,<\/li>\n<li type=\"a\">n\u00e1vrh na plnenie krit\u00e9ria na vyhodnotenie pon\u00fak \u2013 cenov\u00e1 ponuka,<\/li>\n<li type=\"a\">n\u00e1vrh zmluvy.<\/li>\n<\/ol>\n<\/li>\n<li><b>Predkladanie pon\u00fak<\/b>\n<ol>\n<li>15.1 Lehota na predkladanie pon\u00fak: <b>najnesk\u00f4r do 22.04.2010 do 10,00 hod<\/b>.<\/li>\n<li>15.2 Ponuky sa maj\u00fa doru\u010di\u0165 na adresu uveden\u00fa v\u00a0bode 2. po\u0161tou alebo osobne.<\/li>\n<\/ol>\n<\/li>\n<li><b>Lehota viazanosti pon\u00fak<\/b><br \/>\nLehota viazanosti pon\u00fak je do 31.07.2010<\/li>\n<li><b>\u010eal\u0161ie inform\u00e1cie obstar\u00e1vate\u013ea<\/b>\n<ol>\n<li>17.1 Obstar\u00e1vate\u013e si vyhradzuje pr\u00e1vo zru\u0161i\u0165 pou\u017eit\u00fd postup zad\u00e1vania z\u00e1kazky a\u00a0neuzatvori\u0165 dohodu s\u00a0\u00faspe\u0161n\u00fdch uch\u00e1dza\u010dom v\u00a0pr\u00edpade neposkytnutia finan\u010dn\u00fdch prostriedkov uveden\u00fdch v\u00a0bode 8.1.<\/li>\n<li>17.2 V\u0161etky v\u00fddavky, spojen\u00e9 s\u00a0pr\u00edpravou a\u00a0podan\u00edm ponuky zn\u00e1\u0161a z\u00e1ujemca.<\/li>\n<\/ol>\n<\/li>\n<\/ol>\n<table width=\"100%\" cellspacing=\"10px\">\n<tbody>\n<tr>\n<td align=\"left\">Ko\u0161ice, d\u0148a 06.04.2010<\/td>\n<td align=\"center\">Mgr. Tibor Palko<\/td>\n<\/tr>\n<tr>\n<td><\/td>\n<td align=\"center\">\u0161tatut\u00e1rny z\u00e1stupca<\/td>\n<\/tr>\n<\/tbody>\n<\/table>\n","protected":false},"excerpt":{"rendered":"<p>Modern\u00e9 vzdel\u00e1vanie pre vedomostn\u00fa spolo\u010dnos\u0165\/Projekt je spolufinancovan\u00fd zo zdrojov E\u00da V\u00fdzva na predkladanie pon\u00fak pri zad\u00e1van\u00ed podprahovej z\u00e1kazky na poskytnutie slu\u017eieb(Zad\u00e1vanie podprahovej z\u00e1kazky na poskytnutie slu\u017eieb pod\u013ea z\u00e1kona \u010d. 25\/2006 Z. z. o\u00a0verejnom obstar\u00e1van\u00ed a\u00a0o\u00a0zmene a\u00a0doplnen\u00ed niektor\u00fdch z\u00e1konov (\u010falej len &hellip; <a href=\"https:\/\/www.rc-kosice.sk\/?page_id=18\">Pokra\u010dova\u0165 v \u010d\u00edtan\u00ed <span class=\"meta-nav\">&rarr;<\/span><\/a><\/p>\n","protected":false},"author":1,"featured_media":0,"parent":0,"menu_order":7,"comment_status":"closed","ping_status":"open","template":"","meta":[],"aioseo_notices":[],"_links":{"self":[{"href":"https:\/\/www.rc-kosice.sk\/index.php?rest_route=\/wp\/v2\/pages\/18"}],"collection":[{"href":"https:\/\/www.rc-kosice.sk\/index.php?rest_route=\/wp\/v2\/pages"}],"about":[{"href":"https:\/\/www.rc-kosice.sk\/index.php?rest_route=\/wp\/v2\/types\/page"}],"author":[{"embeddable":true,"href":"https:\/\/www.rc-kosice.sk\/index.php?rest_route=\/wp\/v2\/users\/1"}],"replies":[{"embeddable":true,"href":"https:\/\/www.rc-kosice.sk\/index.php?rest_route=%2Fwp%2Fv2%2Fcomments&post=18"}],"version-history":[{"count":5,"href":"https:\/\/www.rc-kosice.sk\/index.php?rest_route=\/wp\/v2\/pages\/18\/revisions"}],"predecessor-version":[{"id":803,"href":"https:\/\/www.rc-kosice.sk\/index.php?rest_route=\/wp\/v2\/pages\/18\/revisions\/803"}],"wp:attachment":[{"href":"https:\/\/www.rc-kosice.sk\/index.php?rest_route=%2Fwp%2Fv2%2Fmedia&parent=18"}],"curies":[{"name":"wp","href":"https:\/\/api.w.org\/{rel}","templated":true}]}}