{"id":1775,"date":"2022-02-22T09:28:29","date_gmt":"2022-02-22T08:28:29","guid":{"rendered":"https:\/\/www.rc-kosice.sk\/?page_id=1775"},"modified":"2022-08-09T08:50:21","modified_gmt":"2022-08-09T07:50:21","slug":"2022-2","status":"publish","type":"page","link":"https:\/\/www.rc-kosice.sk\/?page_id=1775","title":{"rendered":"2022"},"content":{"rendered":"\n<div class=\"wp-block-file\"><a id=\"wp-block-file--media-785549eb-92b9-4a93-8ca0-91cd72169bca\" href=\"https:\/\/www.rc-kosice.sk\/wp-content\/uploads\/2022\/02\/Faktury-za-01-2022.pdf\">Fakt\u00fary 01 2022<\/a><a href=\"https:\/\/www.rc-kosice.sk\/wp-content\/uploads\/2022\/02\/Faktury-za-01-2022.pdf\" class=\"wp-block-file__button\" download aria-describedby=\"wp-block-file--media-785549eb-92b9-4a93-8ca0-91cd72169bca\">Stiahnu\u0165<\/a><\/div>\n\n\n\n<div class=\"wp-block-file\"><a id=\"wp-block-file--media-a22e15da-0da0-4d07-8764-29fe9aead671\" href=\"https:\/\/www.rc-kosice.sk\/wp-content\/uploads\/2022\/03\/Faktury-za-02-2022.pdf\">Fakt\u00fary 02 2022<\/a><a href=\"https:\/\/www.rc-kosice.sk\/wp-content\/uploads\/2022\/03\/Faktury-za-02-2022.pdf\" class=\"wp-block-file__button\" download aria-describedby=\"wp-block-file--media-a22e15da-0da0-4d07-8764-29fe9aead671\">Stiahnu\u0165<\/a><\/div>\n\n\n\n<div class=\"wp-block-file\"><a id=\"wp-block-file--media-a91fcd3d-5d62-41a7-a884-3c43d6aec2f6\" href=\"https:\/\/www.rc-kosice.sk\/wp-content\/uploads\/2022\/04\/Faktury.pdf\">Fakt\u00fary 03 2022<\/a><a href=\"https:\/\/www.rc-kosice.sk\/wp-content\/uploads\/2022\/04\/Faktury.pdf\" class=\"wp-block-file__button\" download aria-describedby=\"wp-block-file--media-a91fcd3d-5d62-41a7-a884-3c43d6aec2f6\">Stiahnu\u0165<\/a><\/div>\n\n\n\n<div class=\"wp-block-file\"><a id=\"wp-block-file--media-0f31ca2d-9611-47b7-a78c-0b383b1332e3\" href=\"https:\/\/www.rc-kosice.sk\/wp-content\/uploads\/2022\/05\/Faktury-za-04-2022.pdf\">Fakt\u00fary 04 2022<\/a><a href=\"https:\/\/www.rc-kosice.sk\/wp-content\/uploads\/2022\/05\/Faktury-za-04-2022.pdf\" class=\"wp-block-file__button\" download aria-describedby=\"wp-block-file--media-0f31ca2d-9611-47b7-a78c-0b383b1332e3\">Stiahnu\u0165<\/a><\/div>\n\n\n\n<div class=\"wp-block-file\"><a id=\"wp-block-file--media-0f4cab5b-1a2b-4ae8-8a56-d39adb564530\" href=\"https:\/\/www.rc-kosice.sk\/wp-content\/uploads\/2022\/06\/Faktury-za-05-2022.pdf\">Fakt\u00fary 05 2022<\/a><a href=\"https:\/\/www.rc-kosice.sk\/wp-content\/uploads\/2022\/06\/Faktury-za-05-2022.pdf\" class=\"wp-block-file__button\" download aria-describedby=\"wp-block-file--media-0f4cab5b-1a2b-4ae8-8a56-d39adb564530\">Stiahnu\u0165<\/a><\/div>\n\n\n\n<div class=\"wp-block-file\"><a id=\"wp-block-file--media-3f32acf3-e599-442d-b7ce-dbcbc5fbccef\" href=\"https:\/\/www.rc-kosice.sk\/wp-content\/uploads\/2022\/07\/Faktury-za-06-2022.pdf\">Fakt\u00fary 06 2022<\/a><a href=\"https:\/\/www.rc-kosice.sk\/wp-content\/uploads\/2022\/07\/Faktury-za-06-2022.pdf\" class=\"wp-block-file__button\" download aria-describedby=\"wp-block-file--media-3f32acf3-e599-442d-b7ce-dbcbc5fbccef\">Stiahnu\u0165<\/a><\/div>\n\n\n\n<div class=\"wp-block-file\"><a id=\"wp-block-file--media-2c4a4383-c2ae-4400-af61-42d23c86089b\" href=\"https:\/\/www.rc-kosice.sk\/wp-content\/uploads\/2022\/08\/Faktury-za-07-2022.pdf\">Fakt\u00fary 07 2022<\/a><a href=\"https:\/\/www.rc-kosice.sk\/wp-content\/uploads\/2022\/08\/Faktury-za-07-2022.pdf\" class=\"wp-block-file__button\" download aria-describedby=\"wp-block-file--media-2c4a4383-c2ae-4400-af61-42d23c86089b\">Stiahnu\u0165<\/a><\/div>\n\n\n\n<div class=\"wp-block-file\"><a id=\"wp-block-file--media-181655da-339c-4390-a4df-658453677dc3\" href=\"https:\/\/www.rc-kosice.sk\/wp-content\/uploads\/2022\/03\/Kupna-zmluva-PLUS-spol-s-r-o.pdf\">K\u00fapna zmluva PLUS spol s.r.o.<\/a><a href=\"https:\/\/www.rc-kosice.sk\/wp-content\/uploads\/2022\/03\/Kupna-zmluva-PLUS-spol-s-r-o.pdf\" class=\"wp-block-file__button\" download aria-describedby=\"wp-block-file--media-181655da-339c-4390-a4df-658453677dc3\">Stiahnu\u0165<\/a><\/div>\n\n\n\n<div class=\"wp-block-file\"><a id=\"wp-block-file--media-24f70373-4305-49c6-9648-90979342cf64\" href=\"https:\/\/www.rc-kosice.sk\/wp-content\/uploads\/2022\/03\/Licencna-zmluva-na-pismovy-softwar.pdf\">Licen\u010dn\u00e1 zmluva na p\u00edsmov\u00fd software<\/a><a href=\"https:\/\/www.rc-kosice.sk\/wp-content\/uploads\/2022\/03\/Licencna-zmluva-na-pismovy-softwar.pdf\" class=\"wp-block-file__button\" download aria-describedby=\"wp-block-file--media-24f70373-4305-49c6-9648-90979342cf64\">Stiahnu\u0165<\/a><\/div>\n\n\n\n<div class=\"wp-block-file\"><a id=\"wp-block-file--media-c0cb7c7d-0444-4826-af44-c12a2ab9cb78\" href=\"https:\/\/www.rc-kosice.sk\/wp-content\/uploads\/2022\/03\/Objednavka-Winks-s-r-o.pdf\">Objedn\u00e1vka Winks s.r.o.<\/a><a href=\"https:\/\/www.rc-kosice.sk\/wp-content\/uploads\/2022\/03\/Objednavka-Winks-s-r-o.pdf\" class=\"wp-block-file__button\" download aria-describedby=\"wp-block-file--media-c0cb7c7d-0444-4826-af44-c12a2ab9cb78\">Stiahnu\u0165<\/a><\/div>\n\n\n\n<div class=\"wp-block-file\"><a id=\"wp-block-file--media-ffef732a-585f-4a5d-b6d7-b9eda5441ddb\" href=\"https:\/\/www.rc-kosice.sk\/wp-content\/uploads\/2022\/03\/Servisna-zmluva-01-2022-KLIVENT-s-r-o.pdf\">Servisn\u00e1 zmluva 01-2022 KLIVENT s.r.o<\/a><a href=\"https:\/\/www.rc-kosice.sk\/wp-content\/uploads\/2022\/03\/Servisna-zmluva-01-2022-KLIVENT-s-r-o.pdf\" class=\"wp-block-file__button\" download aria-describedby=\"wp-block-file--media-ffef732a-585f-4a5d-b6d7-b9eda5441ddb\">Stiahnu\u0165<\/a><\/div>\n\n\n\n<div class=\"wp-block-file\"><a id=\"wp-block-file--media-2150f5b1-d775-4c56-909d-380a7e56724d\" href=\"https:\/\/www.rc-kosice.sk\/wp-content\/uploads\/2022\/03\/Vseobecne-obchodne-podmienky-KOSIT-od-01012022-1.pdf\">V\u0161eobecn\u00e9 obchodn\u00e9 podmienky KOSIT od 01012022-1<\/a><a href=\"https:\/\/www.rc-kosice.sk\/wp-content\/uploads\/2022\/03\/Vseobecne-obchodne-podmienky-KOSIT-od-01012022-1.pdf\" class=\"wp-block-file__button\" download aria-describedby=\"wp-block-file--media-2150f5b1-d775-4c56-909d-380a7e56724d\">Stiahnu\u0165<\/a><\/div>\n\n\n\n<div class=\"wp-block-file\"><a id=\"wp-block-file--media-eb334c59-6000-4436-9dcc-a37490959a78\" href=\"https:\/\/www.rc-kosice.sk\/wp-content\/uploads\/2022\/03\/Dodatok-c-1-k-RZ-z-roku-2020-Hydinove-maso-ryby-polotovary.pdf\">Dodatok \u010d.1 k RZ z roku 2020 hydinov\u00e9 m\u00e4so, ryby, polotovary<\/a><a href=\"https:\/\/www.rc-kosice.sk\/wp-content\/uploads\/2022\/03\/Dodatok-c-1-k-RZ-z-roku-2020-Hydinove-maso-ryby-polotovary.pdf\" class=\"wp-block-file__button\" download aria-describedby=\"wp-block-file--media-eb334c59-6000-4436-9dcc-a37490959a78\">Stiahnu\u0165<\/a><\/div>\n\n\n\n<div class=\"wp-block-file\"><a id=\"wp-block-file--media-0fc2368e-318d-44c1-8dfe-840b04fc980d\" href=\"https:\/\/www.rc-kosice.sk\/wp-content\/uploads\/2022\/03\/Dodatok-c-1-k-RZ-z-roku-2020-Vyrobky-z-ovocia-a-zeleniny.pdf\">Dodatok \u010d1 k RZ z roku 2020 v\u00fdrobky z ovocia a zeleniny<\/a><a href=\"https:\/\/www.rc-kosice.sk\/wp-content\/uploads\/2022\/03\/Dodatok-c-1-k-RZ-z-roku-2020-Vyrobky-z-ovocia-a-zeleniny.pdf\" class=\"wp-block-file__button\" download aria-describedby=\"wp-block-file--media-0fc2368e-318d-44c1-8dfe-840b04fc980d\">Stiahnu\u0165<\/a><\/div>\n\n\n\n<div class=\"wp-block-file\"><a id=\"wp-block-file--media-64a10383-45cf-4581-b635-458c29badafb\" href=\"https:\/\/www.rc-kosice.sk\/wp-content\/uploads\/2022\/03\/Dodatok-c1-k-RZ-z-roku-2020-Zakladne-potraviny.pdf\">Dodatok \u010d.1 k RZ z roku 2020 z\u00e1kladn\u00e9 potraviny<\/a><a href=\"https:\/\/www.rc-kosice.sk\/wp-content\/uploads\/2022\/03\/Dodatok-c1-k-RZ-z-roku-2020-Zakladne-potraviny.pdf\" class=\"wp-block-file__button\" download aria-describedby=\"wp-block-file--media-64a10383-45cf-4581-b635-458c29badafb\">Stiahnu\u0165<\/a><\/div>\n\n\n\n<div class=\"wp-block-file\"><a id=\"wp-block-file--media-6557164e-56d1-43a5-ac9a-c0c9b84d0e70\" href=\"https:\/\/www.rc-kosice.sk\/wp-content\/uploads\/2022\/03\/Dodatok-c1-k-RZ-z-roku-2020-Mliecne-vyrobky-a-tuky.pdf\">Dodatok \u010d.1 k RZ z roku 2020 mlie\u010dne v\u00fdrobky a tuky<\/a><a href=\"https:\/\/www.rc-kosice.sk\/wp-content\/uploads\/2022\/03\/Dodatok-c1-k-RZ-z-roku-2020-Mliecne-vyrobky-a-tuky.pdf\" class=\"wp-block-file__button\" download aria-describedby=\"wp-block-file--media-6557164e-56d1-43a5-ac9a-c0c9b84d0e70\">Stiahnu\u0165<\/a><\/div>\n\n\n\n<div class=\"wp-block-file\"><a id=\"wp-block-file--media-c2627a8b-54c3-4c7e-98af-58fdf7da4d19\" href=\"https:\/\/www.rc-kosice.sk\/wp-content\/uploads\/2022\/07\/Kolektivna-zmluva-RC-KE-AE-10-2022.pdf\">Kolekt\u00edvna zmluva  RC-KE-AE 10 2022<\/a><a href=\"https:\/\/www.rc-kosice.sk\/wp-content\/uploads\/2022\/07\/Kolektivna-zmluva-RC-KE-AE-10-2022.pdf\" class=\"wp-block-file__button\" download aria-describedby=\"wp-block-file--media-c2627a8b-54c3-4c7e-98af-58fdf7da4d19\">Stiahnu\u0165<\/a><\/div>\n\n\n\n<div class=\"wp-block-file\"><a id=\"wp-block-file--media-0279689b-5231-4931-b4bb-0696ca4a5050\" href=\"https:\/\/www.rc-kosice.sk\/wp-content\/uploads\/2022\/07\/Dodatok-c1-ku-KZ-c-RC-KE-AE-10-2022.pdf\">Dodatok \u010d.1 ku KZ RC-KE-AE 10 2022<\/a><a href=\"https:\/\/www.rc-kosice.sk\/wp-content\/uploads\/2022\/07\/Dodatok-c1-ku-KZ-c-RC-KE-AE-10-2022.pdf\" class=\"wp-block-file__button\" download aria-describedby=\"wp-block-file--media-0279689b-5231-4931-b4bb-0696ca4a5050\">Stiahnu\u0165<\/a><\/div>\n","protected":false},"excerpt":{"rendered":"","protected":false},"author":3,"featured_media":0,"parent":19,"menu_order":22,"comment_status":"closed","ping_status":"closed","template":"","meta":[],"aioseo_notices":[],"_links":{"self":[{"href":"https:\/\/www.rc-kosice.sk\/index.php?rest_route=\/wp\/v2\/pages\/1775"}],"collection":[{"href":"https:\/\/www.rc-kosice.sk\/index.php?rest_route=\/wp\/v2\/pages"}],"about":[{"href":"https:\/\/www.rc-kosice.sk\/index.php?rest_route=\/wp\/v2\/types\/page"}],"author":[{"embeddable":true,"href":"https:\/\/www.rc-kosice.sk\/index.php?rest_route=\/wp\/v2\/users\/3"}],"replies":[{"embeddable":true,"href":"https:\/\/www.rc-kosice.sk\/index.php?rest_route=%2Fwp%2Fv2%2Fcomments&post=1775"}],"version-history":[{"count":15,"href":"https:\/\/www.rc-kosice.sk\/index.php?rest_route=\/wp\/v2\/pages\/1775\/revisions"}],"predecessor-version":[{"id":1854,"href":"https:\/\/www.rc-kosice.sk\/index.php?rest_route=\/wp\/v2\/pages\/1775\/revisions\/1854"}],"up":[{"embeddable":true,"href":"https:\/\/www.rc-kosice.sk\/index.php?rest_route=\/wp\/v2\/pages\/19"}],"wp:attachment":[{"href":"https:\/\/www.rc-kosice.sk\/index.php?rest_route=%2Fwp%2Fv2%2Fmedia&parent=1775"}],"curies":[{"name":"wp","href":"https:\/\/api.w.org\/{rel}","templated":true}]}}