{"id":1555,"date":"2020-12-11T10:57:22","date_gmt":"2020-12-11T09:57:22","guid":{"rendered":"https:\/\/www.rc-kosice.sk\/?page_id=1555"},"modified":"2022-01-04T14:02:58","modified_gmt":"2022-01-04T13:02:58","slug":"2021-2","status":"publish","type":"page","link":"https:\/\/www.rc-kosice.sk\/?page_id=1555","title":{"rendered":"2021"},"content":{"rendered":"\n<div class=\"wp-block-file\"><a href=\"https:\/\/www.rc-kosice.sk\/wp-content\/uploads\/2021\/02\/Faktury-za-01-2021.pdf\">Fakt\u00fary 01 2021<\/a><a href=\"https:\/\/www.rc-kosice.sk\/wp-content\/uploads\/2021\/02\/Faktury-za-01-2021.pdf\" class=\"wp-block-file__button\" download>Stiahnu\u0165<\/a><\/div>\n\n\n\n<div class=\"wp-block-file\"><a href=\"https:\/\/www.rc-kosice.sk\/wp-content\/uploads\/2021\/03\/Faktury-02-2021.pdf\">Fakt\u00fary 02 2021<\/a><a href=\"https:\/\/www.rc-kosice.sk\/wp-content\/uploads\/2021\/03\/Faktury-02-2021.pdf\" class=\"wp-block-file__button\" download>Stiahnu\u0165<\/a><\/div>\n\n\n\n<div class=\"wp-block-file\"><a href=\"https:\/\/www.rc-kosice.sk\/wp-content\/uploads\/2021\/04\/Faktury-03-2021.pdf\">Fakt\u00fary 03 2021<\/a><a href=\"https:\/\/www.rc-kosice.sk\/wp-content\/uploads\/2021\/04\/Faktury-03-2021.pdf\" class=\"wp-block-file__button\" download>Stiahnu\u0165<\/a><\/div>\n\n\n\n<div class=\"wp-block-file\"><a href=\"https:\/\/www.rc-kosice.sk\/wp-content\/uploads\/2021\/05\/Faktury-04-2021.pdf\">Fakt\u00fary 04 2021<\/a><a href=\"https:\/\/www.rc-kosice.sk\/wp-content\/uploads\/2021\/05\/Faktury-04-2021.pdf\" class=\"wp-block-file__button\" download>Stiahnu\u0165<\/a><\/div>\n\n\n\n<div class=\"wp-block-file\"><a href=\"https:\/\/www.rc-kosice.sk\/wp-content\/uploads\/2021\/06\/Faktury-za-05-2021.pdf\">Fakt\u00fary 05 2021<\/a><a href=\"https:\/\/www.rc-kosice.sk\/wp-content\/uploads\/2021\/06\/Faktury-za-05-2021.pdf\" class=\"wp-block-file__button\" download>Stiahnu\u0165<\/a><\/div>\n\n\n\n<div class=\"wp-block-file\"><a href=\"https:\/\/www.rc-kosice.sk\/wp-content\/uploads\/2021\/06\/Faktury-06-2021.pdf\">Fakt\u00fary 06 2021<\/a><a href=\"https:\/\/www.rc-kosice.sk\/wp-content\/uploads\/2021\/06\/Faktury-06-2021.pdf\" class=\"wp-block-file__button\" download>Stiahnu\u0165<\/a><\/div>\n\n\n\n<div class=\"wp-block-file\"><a href=\"https:\/\/www.rc-kosice.sk\/wp-content\/uploads\/2021\/07\/Faktury-za-07-2021-2.pdf\">Fakt\u00fary 07 2021<\/a><a href=\"https:\/\/www.rc-kosice.sk\/wp-content\/uploads\/2021\/07\/Faktury-za-07-2021-2.pdf\" class=\"wp-block-file__button\" download>Stiahnu\u0165<\/a><\/div>\n\n\n\n<div class=\"wp-block-file\"><a href=\"https:\/\/www.rc-kosice.sk\/wp-content\/uploads\/2021\/09\/Faktury-za-08-2021.pdf\">Fakt\u00fary 08 2021<\/a><a href=\"https:\/\/www.rc-kosice.sk\/wp-content\/uploads\/2021\/09\/Faktury-za-08-2021.pdf\" class=\"wp-block-file__button\" download>Stiahnu\u0165<\/a><\/div>\n\n\n\n<div class=\"wp-block-file\"><a href=\"https:\/\/www.rc-kosice.sk\/wp-content\/uploads\/2021\/10\/Faktury-za-09-2021.pdf\">Fakt\u00fary 09 2021<\/a><a href=\"https:\/\/www.rc-kosice.sk\/wp-content\/uploads\/2021\/10\/Faktury-za-09-2021.pdf\" class=\"wp-block-file__button\" download>Stiahnu\u0165<\/a><\/div>\n\n\n\n<div class=\"wp-block-file\"><a href=\"https:\/\/www.rc-kosice.sk\/wp-content\/uploads\/2021\/11\/Faktury-za-10-2021.pdf\">Fakt\u00fary 10 2021<\/a><a href=\"https:\/\/www.rc-kosice.sk\/wp-content\/uploads\/2021\/11\/Faktury-za-10-2021.pdf\" class=\"wp-block-file__button\" download>Stiahnu\u0165<\/a><\/div>\n\n\n\n<div class=\"wp-block-file\"><a href=\"https:\/\/www.rc-kosice.sk\/wp-content\/uploads\/2021\/12\/Faktury-za-11-2021.pdf\">Fakt\u00fary 11 2021<\/a><a href=\"https:\/\/www.rc-kosice.sk\/wp-content\/uploads\/2021\/12\/Faktury-za-11-2021.pdf\" class=\"wp-block-file__button\" download>Stiahnu\u0165<\/a><\/div>\n\n\n\n<div class=\"wp-block-file\"><a href=\"https:\/\/www.rc-kosice.sk\/wp-content\/uploads\/2022\/01\/Faktury-za-12-2021.pdf\">Fakt\u00fary 12 2021<\/a><a href=\"https:\/\/www.rc-kosice.sk\/wp-content\/uploads\/2022\/01\/Faktury-za-12-2021.pdf\" class=\"wp-block-file__button\" download>Stiahnu\u0165<\/a><\/div>\n\n\n\n<div class=\"wp-block-file\"><a href=\"https:\/\/www.rc-kosice.sk\/wp-content\/uploads\/2021\/02\/Kolektivna-zmluva-rok-2021.pdf\">Kolekt\u00edvna zmluva &#8211; rok 2021<\/a><a href=\"https:\/\/www.rc-kosice.sk\/wp-content\/uploads\/2021\/02\/Kolektivna-zmluva-rok-2021.pdf\" class=\"wp-block-file__button\" download>Stiahnu\u0165<\/a><\/div>\n\n\n\n<div class=\"wp-block-file\"><a href=\"https:\/\/www.rc-kosice.sk\/wp-content\/uploads\/2021\/03\/Dodatok-c.1-k-ZMLUVE-O-DIELO-c.-06102020.pdf\">Dodatok \u010d.1 k ZMLUVE O DIELO \u010d. 06102020<\/a><a href=\"https:\/\/www.rc-kosice.sk\/wp-content\/uploads\/2021\/03\/Dodatok-c.1-k-ZMLUVE-O-DIELO-c.-06102020.pdf\" class=\"wp-block-file__button\" download>Stiahnu\u0165<\/a><\/div>\n\n\n\n<div class=\"wp-block-file\"><a href=\"https:\/\/www.rc-kosice.sk\/wp-content\/uploads\/2021\/04\/Zmluva-o-dodavke-plynu-S-klasik-na-rok-2022.pdf\">Zmluva o dod\u00e1vke plynu &#8211; S KLASIK na rok 2022<\/a><a href=\"https:\/\/www.rc-kosice.sk\/wp-content\/uploads\/2021\/04\/Zmluva-o-dodavke-plynu-S-klasik-na-rok-2022.pdf\" class=\"wp-block-file__button\" download>Stiahnu\u0165<\/a><\/div>\n\n\n\n<div class=\"wp-block-file\"><a href=\"https:\/\/www.rc-kosice.sk\/wp-content\/uploads\/2021\/05\/Dodatok-k-Zmluve-Slovak-Telekom-0556337231.pdf\">Dodatok k zmluve &#8211; Slovak Telekom 0556337231<\/a><a href=\"https:\/\/www.rc-kosice.sk\/wp-content\/uploads\/2021\/05\/Dodatok-k-Zmluve-Slovak-Telekom-0556337231.pdf\" class=\"wp-block-file__button\" download>Stiahnu\u0165<\/a><\/div>\n\n\n\n<div class=\"wp-block-file\"><a href=\"https:\/\/www.rc-kosice.sk\/wp-content\/uploads\/2021\/05\/Dodatok-k-Zmluve-Slovak-Telekom-0556337232.pdf\">Dodatok k zmluve &#8211; Slovak Telekom 0556337232<\/a><a href=\"https:\/\/www.rc-kosice.sk\/wp-content\/uploads\/2021\/05\/Dodatok-k-Zmluve-Slovak-Telekom-0556337232.pdf\" class=\"wp-block-file__button\" download>Stiahnu\u0165<\/a><\/div>\n\n\n\n<div class=\"wp-block-file\"><a href=\"https:\/\/www.rc-kosice.sk\/wp-content\/uploads\/2021\/06\/Kupna-zmluva-FARKEMA-Plus-s-r-o-_20210608_0001.pdf\">K\u00fapna zmluva &#8211; FARKEMA Plus s.r.o 20210608_0001<\/a><a href=\"https:\/\/www.rc-kosice.sk\/wp-content\/uploads\/2021\/06\/Kupna-zmluva-FARKEMA-Plus-s-r-o-_20210608_0001.pdf\" class=\"wp-block-file__button\" download>Stiahnu\u0165<\/a><\/div>\n\n\n\n<div class=\"wp-block-file\"><a href=\"https:\/\/www.rc-kosice.sk\/wp-content\/uploads\/2021\/06\/Dodatok-c2-k-ZoD-c-06102020.pdf\">Dodatok \u010d2 k ZoD c 06102020<\/a><a href=\"https:\/\/www.rc-kosice.sk\/wp-content\/uploads\/2021\/06\/Dodatok-c2-k-ZoD-c-06102020.pdf\" class=\"wp-block-file__button\" download>Stiahnu\u0165<\/a><\/div>\n\n\n\n<div class=\"wp-block-file\"><a href=\"https:\/\/www.rc-kosice.sk\/wp-content\/uploads\/2021\/06\/Zmluva-o-dodavke-a-montazi-gastro-zariadeni-c-1706202101_20210628_0002.pdf\">Zmluva o dod\u00e1vke a mont\u00e1\u017ei gastro zariaden\u00ed \u010d.1706202101_20210628_0002<\/a><a href=\"https:\/\/www.rc-kosice.sk\/wp-content\/uploads\/2021\/06\/Zmluva-o-dodavke-a-montazi-gastro-zariadeni-c-1706202101_20210628_0002.pdf\" class=\"wp-block-file__button\" download>Stiahnu\u0165<\/a><\/div>\n\n\n\n<div class=\"wp-block-file\"><a href=\"https:\/\/www.rc-kosice.sk\/wp-content\/uploads\/2021\/07\/Zmluva-CORTEC-s-r-o-1.pdf\">Zmluva CORTEC sro<\/a><a href=\"https:\/\/www.rc-kosice.sk\/wp-content\/uploads\/2021\/07\/Zmluva-CORTEC-s-r-o-1.pdf\" class=\"wp-block-file__button\" download>Stiahnu\u0165<\/a><\/div>\n\n\n\n<div class=\"wp-block-file\"><a href=\"https:\/\/www.rc-kosice.sk\/wp-content\/uploads\/2021\/08\/Zmluva-o-dielo-SIMA-PLUS-Krompachy-2021.pdf\">Zmluva o dielo SIMA PLUS &#8211; Krompachy 2021<\/a><a href=\"https:\/\/www.rc-kosice.sk\/wp-content\/uploads\/2021\/08\/Zmluva-o-dielo-SIMA-PLUS-Krompachy-2021.pdf\" class=\"wp-block-file__button\" download>Stiahnu\u0165<\/a><\/div>\n\n\n\n<div class=\"wp-block-file\"><a href=\"https:\/\/www.rc-kosice.sk\/wp-content\/uploads\/2021\/12\/Dodatok-c-01-k-Zmluve-o-dodavke-plynu-zo-dna-16-04-2021_20211124_0001.pdf\">Dodatok  \u010d.01 k Zmluve o dod\u00e1vke plynu zo dna 16-04-2021 _20211124_0001<\/a><a href=\"https:\/\/www.rc-kosice.sk\/wp-content\/uploads\/2021\/12\/Dodatok-c-01-k-Zmluve-o-dodavke-plynu-zo-dna-16-04-2021_20211124_0001.pdf\" class=\"wp-block-file__button\" download>Stiahnu\u0165<\/a><\/div>\n\n\n\n<div class=\"wp-block-file\"><a href=\"https:\/\/www.rc-kosice.sk\/wp-content\/uploads\/2021\/12\/Zmluva-o-dielo-STAVOTREND-MI-c-01-MP-12-2021.pdf\">Zmluva o dielo &#8211; STAVOTREND-MI-c-01-MP-12-2021<\/a><a href=\"https:\/\/www.rc-kosice.sk\/wp-content\/uploads\/2021\/12\/Zmluva-o-dielo-STAVOTREND-MI-c-01-MP-12-2021.pdf\" class=\"wp-block-file__button\" download>Stiahnu\u0165<\/a><\/div>\n\n\n\n<div class=\"wp-block-file\"><a href=\"https:\/\/www.rc-kosice.sk\/wp-content\/uploads\/2021\/12\/Zmluva-o-dielo-STAVOTREND-MI-c-01-SU-12-2021.pdf\">Zmluva o dielo &#8211; STAVOTREND-MI-c-01-SU-12-2021<\/a><a href=\"https:\/\/www.rc-kosice.sk\/wp-content\/uploads\/2021\/12\/Zmluva-o-dielo-STAVOTREND-MI-c-01-SU-12-2021.pdf\" class=\"wp-block-file__button\" download>Stiahnu\u0165<\/a><\/div>\n","protected":false},"excerpt":{"rendered":"","protected":false},"author":3,"featured_media":0,"parent":19,"menu_order":21,"comment_status":"closed","ping_status":"closed","template":"","meta":[],"aioseo_notices":[],"_links":{"self":[{"href":"https:\/\/www.rc-kosice.sk\/index.php?rest_route=\/wp\/v2\/pages\/1555"}],"collection":[{"href":"https:\/\/www.rc-kosice.sk\/index.php?rest_route=\/wp\/v2\/pages"}],"about":[{"href":"https:\/\/www.rc-kosice.sk\/index.php?rest_route=\/wp\/v2\/types\/page"}],"author":[{"embeddable":true,"href":"https:\/\/www.rc-kosice.sk\/index.php?rest_route=\/wp\/v2\/users\/3"}],"replies":[{"embeddable":true,"href":"https:\/\/www.rc-kosice.sk\/index.php?rest_route=%2Fwp%2Fv2%2Fcomments&post=1555"}],"version-history":[{"count":27,"href":"https:\/\/www.rc-kosice.sk\/index.php?rest_route=\/wp\/v2\/pages\/1555\/revisions"}],"predecessor-version":[{"id":1779,"href":"https:\/\/www.rc-kosice.sk\/index.php?rest_route=\/wp\/v2\/pages\/1555\/revisions\/1779"}],"up":[{"embeddable":true,"href":"https:\/\/www.rc-kosice.sk\/index.php?rest_route=\/wp\/v2\/pages\/19"}],"wp:attachment":[{"href":"https:\/\/www.rc-kosice.sk\/index.php?rest_route=%2Fwp%2Fv2%2Fmedia&parent=1555"}],"curies":[{"name":"wp","href":"https:\/\/api.w.org\/{rel}","templated":true}]}}