{"id":136,"date":"2013-02-14T10:16:49","date_gmt":"2013-02-14T09:16:49","guid":{"rendered":"http:\/\/www.rc-kosice.sk\/?page_id=136"},"modified":"2013-02-14T10:30:22","modified_gmt":"2013-02-14T09:30:22","slug":"esperance","status":"publish","type":"page","link":"https:\/\/www.rc-kosice.sk\/?page_id=136","title":{"rendered":"\u00c9sperance"},"content":{"rendered":"<div id=\"content\"><strong>Efekt\u00edvne vyu\u017e\u00edvanie vo\u013en\u00e9ho \u010dasu<\/strong>Jedn\u00fdm z\u00a0d\u00f4le\u017eit\u00fdch prostriedkov pomoci de\u0165om, \u017eij\u00facim v\u00a0na\u0161om domove, je rozv\u00edjanie ich z\u00e1ujmov \u2013 umeleck\u00fdch, manu\u00e1lnych a \u0161portov\u00fdch \u2013 \u00fa\u010deln\u00e9 vyu\u017e\u00edvanie vo\u013en\u00e9ho \u010dasu a\u00a0pozit\u00edvna sebarealiz\u00e1cia. V\u00a0domove \u017eij\u00fa najm\u00e4 chlapci, u\u00a0ktor\u00fdch \u0161port patr\u00ed k\u00a0najviac preferovan\u00fdm \u010dinnostiam a\u00a0ak\u00e1ko\u013evek nov\u00e1 pr\u00edle\u017eitos\u0165 k\u00a0pohybovej aktivite im prin\u00e1\u0161a rados\u0165 a\u00a0uspokojenie. Nezanedbate\u013en\u00fd, z\u00a0h\u013eadiska v\u00fdznamu pomoci emocion\u00e1lne a\u00a0soci\u00e1lne handicapovan\u00fdm de\u0165om, je aj fakt, \u017ee pohybov\u00e1 a\u00a0\u0161portov\u00e1 aktivita prispieva k\u00a0celkov\u00e9mu uvo\u013eneniu a\u00a0uk\u013eudneniu die\u0165a\u0165a, k\u00a0zv\u00fd\u0161eniu a\u00a0posilneniu psychickej a\u00a0fyzickej odolnosti a\u00a0k\u00a0formovaniu zdrav\u00e9ho \u017eivotn\u00e9ho \u0161t\u00fdlu.Prek\u00e1\u017ekou pri realiz\u00e1cii z\u00e1ujmovej \u010dinnosti det\u00ed v\u00a0oblasti rozv\u00edjania \u0161portovej kult\u00fary je nedostato\u010dne zabezpe\u010den\u00e9 vybavenie \u0161portov\u00fdmi potrebami. V\u00a0\u0161kolskom roku 2006\/2007 sme tento probl\u00e9m vyrie\u0161ili s\u00a0pomocou a\u00a0podporou <b>Nad\u00e1cie Esp\u00e9rance<\/b>, ktor\u00e1 poskytla finan\u010dn\u00e9 prostriedky na vo\u013eno\u010dasov\u00e9 aktivity na\u0161ich det\u00ed.<\/p>\n<\/div>\n","protected":false},"excerpt":{"rendered":"<p>Efekt\u00edvne vyu\u017e\u00edvanie vo\u013en\u00e9ho \u010dasuJedn\u00fdm z\u00a0d\u00f4le\u017eit\u00fdch prostriedkov pomoci de\u0165om, \u017eij\u00facim v\u00a0na\u0161om domove, je rozv\u00edjanie ich z\u00e1ujmov \u2013 umeleck\u00fdch, manu\u00e1lnych a \u0161portov\u00fdch \u2013 \u00fa\u010deln\u00e9 vyu\u017e\u00edvanie vo\u013en\u00e9ho \u010dasu a\u00a0pozit\u00edvna sebarealiz\u00e1cia. V\u00a0domove \u017eij\u00fa najm\u00e4 chlapci, u\u00a0ktor\u00fdch \u0161port patr\u00ed k\u00a0najviac preferovan\u00fdm \u010dinnostiam a\u00a0ak\u00e1ko\u013evek nov\u00e1 pr\u00edle\u017eitos\u0165 &hellip; <a href=\"https:\/\/www.rc-kosice.sk\/?page_id=136\">Pokra\u010dova\u0165 v \u010d\u00edtan\u00ed <span class=\"meta-nav\">&rarr;<\/span><\/a><\/p>\n","protected":false},"author":1,"featured_media":0,"parent":14,"menu_order":3,"comment_status":"closed","ping_status":"closed","template":"","meta":[],"aioseo_notices":[],"_links":{"self":[{"href":"https:\/\/www.rc-kosice.sk\/index.php?rest_route=\/wp\/v2\/pages\/136"}],"collection":[{"href":"https:\/\/www.rc-kosice.sk\/index.php?rest_route=\/wp\/v2\/pages"}],"about":[{"href":"https:\/\/www.rc-kosice.sk\/index.php?rest_route=\/wp\/v2\/types\/page"}],"author":[{"embeddable":true,"href":"https:\/\/www.rc-kosice.sk\/index.php?rest_route=\/wp\/v2\/users\/1"}],"replies":[{"embeddable":true,"href":"https:\/\/www.rc-kosice.sk\/index.php?rest_route=%2Fwp%2Fv2%2Fcomments&post=136"}],"version-history":[{"count":4,"href":"https:\/\/www.rc-kosice.sk\/index.php?rest_route=\/wp\/v2\/pages\/136\/revisions"}],"predecessor-version":[{"id":161,"href":"https:\/\/www.rc-kosice.sk\/index.php?rest_route=\/wp\/v2\/pages\/136\/revisions\/161"}],"up":[{"embeddable":true,"href":"https:\/\/www.rc-kosice.sk\/index.php?rest_route=\/wp\/v2\/pages\/14"}],"wp:attachment":[{"href":"https:\/\/www.rc-kosice.sk\/index.php?rest_route=%2Fwp%2Fv2%2Fmedia&parent=136"}],"curies":[{"name":"wp","href":"https:\/\/api.w.org\/{rel}","templated":true}]}}