{"id":132,"date":"2013-02-14T10:15:19","date_gmt":"2013-02-14T09:15:19","guid":{"rendered":"http:\/\/www.rc-kosice.sk\/?page_id=132"},"modified":"2013-02-14T10:30:07","modified_gmt":"2013-02-14T09:30:07","slug":"bankovacik","status":"publish","type":"page","link":"https:\/\/www.rc-kosice.sk\/?page_id=132","title":{"rendered":"Bankov\u00e1\u010dik"},"content":{"rendered":"<p>\u201eV ka\u017edom \u010dloveku je nie\u010do dobr\u00e9ho, o\u00a0\u010dom vieme, \u017ee je dobr\u00e9. Nevedia to v\u0161ak v\u017edy aj ostatn\u00ed.\u201c<\/p>\n<p>V\u00a0na\u0161om domove od roku 2000 vych\u00e1dzal \u010dasopis Bankov\u00e1\u010dik \u2013 ob\u010dasn\u00edk. Medzi de\u0165mi mal ve\u013ek\u00fd \u00faspech \u2013 tie \u201enov\u00e9\u201c sa mohli hne\u010f po pr\u00edchode do zariadenia dozvedie\u0165 nie\u010do z\u00a0jeho \u201e\u017eivota\u201c a\u00a0deti \u201eslu\u017eobne star\u0161ie\u201c mali mo\u017enos\u0165 p\u00edsa\u0165 o\u00a0svojich z\u00e1\u017eitkoch, sk\u00fasenostiach, pocitoch, \u0165a\u017ekostiach, \u00faspechoch i\u00a0zlyhaniach, l\u00e1skach aj tr\u00e1peniach, jednoducho p\u00edsa\u0165 o\u00a0v\u0161etkom, \u010do sa ukr\u00fdva v\u00a0nich samotn\u00fdch. Redak\u010dn\u00e1 rada Bankov\u00e1\u010dika pozost\u00e1vala z\u00a0jednej osoby \u2013 nad\u0161enej pani vychov\u00e1vate\u013eky, ktor\u00e1 zhroma\u017e\u010fovala pr\u00edspevky det\u00ed, robila redaktorku aj editorku, sadzbu, grafick\u00fa \u00fapravu aj tla\u010d sama samu\u010di\u010dk\u00e1 na po\u010d\u00edta\u010di doma. Z\u00e1ujem det\u00ed, ich ochota a\u00a0iniciat\u00edva n\u00e1s priviedli k\u00a0n\u00e1padu, aby si \u201erobili\u201c \u010dasopis samy, mo\u017eno s\u00a0malou technickou a\u00a0jazykovou pomocou niekoho z\u00a0dospel\u00fdch.<\/p>\n<p>Projekt <strong>BANKOV\u00c1\u010cIK<\/strong> trv\u00e1 u\u017e nejak\u00fd ten rok a\u00a0ur\u010dite e\u0161te nekon\u010d\u00ed. Z pr\u00edspevku <strong>Nad\u00e1cie pre deti Slovenska<\/strong> z\u00a0 programu <strong>Hodina de\u0165om<\/strong> sme si zak\u00fapili technick\u00e9 vybavenie potrebn\u00e9 k\u00a0vyd\u00e1vaniu \u010dasopisu \/tla\u010diare\u0148, skener, toner\/, ur\u010dili sk\u00fasen\u00e9ho \u0161\u00e9fredaktora a\u00a0zvolili redak\u010dn\u00fa radu \u010dasopisu, ktor\u00e1 si rozdelila \u00falohy. To, \u010do dovtedy raz za \u010das stihol jeden \u010dlovek, \u0161iesti zvl\u00e1dli ka\u017ed\u00e9 tri mesiace. Z\u00a0ob\u010dasn\u00edka sa stal \u0161tvr\u0165ro\u010dn\u00edk, <strong>z\u00a0\u010dasopisu pre deti <\/strong>sa stal <strong>\u010dasopis det\u00ed<\/strong>.<\/p>\n<p>V\u00a0priebehu nieko\u013ek\u00fdch rokov Bankov\u00e1\u010dik zmenil \u0161\u00e9fredaktora (je n\u00edm v\u017edy dospel\u00fd zamestnanec domova), m\u00e1 aj nov\u00fd \u0161at, no redaktori s\u00fa st\u00e1le t\u00ed ist\u00ed \u2013 deti z Bankova. \u010casopis na\u010falej prin\u00e1\u0161a ozajstn\u00e9 zauj\u00edmavosti, zachyt\u00e1va na\u0161e spomienky, neoby\u010dajn\u00e9 z\u00e1\u017eitky, st\u00e1le n\u00e1s nie\u010d\u00edm rozvesel\u00ed, zaujme, niekedy mo\u017eno aj srdcia rozochvie.<\/p>\n<p>Do projektu s\u00fa u\u017e nieko\u013eko rokov zapojen\u00e9 v\u0161etky deti domova \u2013 niektor\u00e9 akt\u00edvne tvorbou pr\u00edspevkov, redaktori ich po\u010d\u00edta\u010dov\u00fdm spracovan\u00edm a\u00a0tvoriv\u00fdmi n\u00e1padmi a\u00a0v\u0161etci ostatn\u00ed jeho \u010d\u00edtan\u00edm. Deti maj\u00fa mo\u017enos\u0165 prejavi\u0165 najr\u00f4znej\u0161\u00edm sp\u00f4sobom \u2013 pr\u00edbehmi, rozpr\u00e1vkami, m\u00fadrymi my\u0161lienkami, anketami, kresbami, h\u00e1dankami &#8230; \u2013 nielen svoj tvoriv\u00fd potenci\u00e1l, ale maj\u00fa tie\u017e priestor prejavi\u0165 seba sam\u00fdch, svoje tajomstv\u00e1, t\u00fa\u017eby, pocity. Pre mnoh\u00e9 na\u0161e deti je \u0165a\u017ek\u00e9 vyjadri\u0165 v\u010faku, sympatie, uznanie, ocenenie, najm\u00e4 vo vz\u0165ahu k\u00a0dospel\u00fdm, mnohokr\u00e1t sme v\u0161ak prekvapen\u00ed, a\u017e pr\u00edjemne \u0161okovan\u00ed, \u00faprimnos\u0165ou a\u00a0otvorenos\u0165ou autorov pr\u00edbehov na str\u00e1nkach n\u00e1\u0161ho \u010dasopisu.<\/p>\n<p>\u010casopis Bankov\u00e1\u010dik n\u00e1m umo\u017e\u0148uje spom\u00edna\u0165, prem\u00fd\u0161\u013ea\u0165, spozn\u00e1va\u0165, pom\u00e1ha\u0165, zab\u00e1va n\u00e1s, rad\u00ed n\u00e1m &#8230; a\u00a0hlavne \u2013 pom\u00e1ha n\u00e1m objavova\u0165 to dobr\u00e9 v\u00a0n\u00e1s.<\/p>\n","protected":false},"excerpt":{"rendered":"<p>\u201eV ka\u017edom \u010dloveku je nie\u010do dobr\u00e9ho, o\u00a0\u010dom vieme, \u017ee je dobr\u00e9. Nevedia to v\u0161ak v\u017edy aj ostatn\u00ed.\u201c V\u00a0na\u0161om domove od roku 2000 vych\u00e1dzal \u010dasopis Bankov\u00e1\u010dik \u2013 ob\u010dasn\u00edk. Medzi de\u0165mi mal ve\u013ek\u00fd \u00faspech \u2013 tie \u201enov\u00e9\u201c sa mohli hne\u010f po pr\u00edchode &hellip; <a href=\"https:\/\/www.rc-kosice.sk\/?page_id=132\">Pokra\u010dova\u0165 v \u010d\u00edtan\u00ed <span class=\"meta-nav\">&rarr;<\/span><\/a><\/p>\n","protected":false},"author":1,"featured_media":0,"parent":14,"menu_order":2,"comment_status":"closed","ping_status":"closed","template":"","meta":[],"aioseo_notices":[],"_links":{"self":[{"href":"https:\/\/www.rc-kosice.sk\/index.php?rest_route=\/wp\/v2\/pages\/132"}],"collection":[{"href":"https:\/\/www.rc-kosice.sk\/index.php?rest_route=\/wp\/v2\/pages"}],"about":[{"href":"https:\/\/www.rc-kosice.sk\/index.php?rest_route=\/wp\/v2\/types\/page"}],"author":[{"embeddable":true,"href":"https:\/\/www.rc-kosice.sk\/index.php?rest_route=\/wp\/v2\/users\/1"}],"replies":[{"embeddable":true,"href":"https:\/\/www.rc-kosice.sk\/index.php?rest_route=%2Fwp%2Fv2%2Fcomments&post=132"}],"version-history":[{"count":4,"href":"https:\/\/www.rc-kosice.sk\/index.php?rest_route=\/wp\/v2\/pages\/132\/revisions"}],"predecessor-version":[{"id":160,"href":"https:\/\/www.rc-kosice.sk\/index.php?rest_route=\/wp\/v2\/pages\/132\/revisions\/160"}],"up":[{"embeddable":true,"href":"https:\/\/www.rc-kosice.sk\/index.php?rest_route=\/wp\/v2\/pages\/14"}],"wp:attachment":[{"href":"https:\/\/www.rc-kosice.sk\/index.php?rest_route=%2Fwp%2Fv2%2Fmedia&parent=132"}],"curies":[{"name":"wp","href":"https:\/\/api.w.org\/{rel}","templated":true}]}}