{"id":1215,"date":"2018-05-25T21:27:59","date_gmt":"2018-05-25T20:27:59","guid":{"rendered":"http:\/\/www.rc-kosice.sk\/?page_id=1215"},"modified":"2018-11-05T13:04:08","modified_gmt":"2018-11-05T12:04:08","slug":"ochrana-osobnych-udajov","status":"publish","type":"page","link":"https:\/\/www.rc-kosice.sk\/?page_id=1215","title":{"rendered":"ochrana osobn\u00fdch \u00fadajov"},"content":{"rendered":"<p class=\"western\" lang=\"cs-CZ\"><span style=\"font-size: large;\"><span lang=\"sk-SK\"><b>REEDUKA\u010cN\u00c9 CENTRUM Bankov 15\u00a0<\/b><\/span><\/span><span style=\"font-size: large;\"><span lang=\"sk-SK\"><b>V \u00a0KO\u0160ICIACH <\/b><\/span><\/span><\/p>\n<p class=\"western\" lang=\"cs-CZ\"><span style=\"font-size: large;\"><span lang=\"sk-SK\">040 31 K\u00a0o\u00a0\u0161 i c e<b><\/b><u><b><br \/>\n<\/b><\/u><\/span><\/span><span style=\"font-size: small;\">Tel. \u010d.: 055\/63 372 31,2,3<br \/>\n<\/span><span style=\"font-size: small;\"><span lang=\"sk-SK\"> Fax: 055\/ 63 372 33<\/span><\/span><\/p>\n<p class=\"western\" lang=\"cs-CZ\"><span style=\"font-size: small;\"><span lang=\"sk-SK\">e-mail: <\/span><\/span><span style=\"color: #0000ff;\"><u><a href=\"mailto:rckosice@gmail.com\"><span style=\"font-size: small;\"><span lang=\"sk-SK\">rckosice@gmail.com<\/span><\/span><\/a><br \/>\n<\/u><\/span><span lang=\"sk-SK\">Ko\u0161ice 21.5.2018<\/span><\/p>\n<p class=\"western\" lang=\"cs-CZ\"><strong><span lang=\"sk-SK\"> O Z N A M <\/span><\/strong><\/p>\n<p class=\"western\" lang=\"cs-CZ\"><span style=\"color: #990000;\"><span style=\"font-family: arial, serif;\"><span style=\"font-size: medium;\"><span lang=\"sk-SK\"><i><b>&#8222;Doh\u013ead nad ochranou osobn\u00fdch \u00fadajov\u00a0 ( v zmysle \u00a7 44 z\u00e1kona \u010d. 18\/2018 Z.z\u00a0 a\u00a0 NARIADENIA EUR\u00d3PSKEHO PARLAMENTU A RADY (E\u00da) 2016\/679<\/b><\/i><\/span><\/span><\/span><\/span><span style=\"color: #990000;\"><span lang=\"sk-SK\">\u00a0<\/span><\/span><span style=\"color: #990000;\"><span style=\"font-family: arial, serif;\"><span style=\"font-size: medium;\"><span lang=\"sk-SK\"><i><b>)<br \/>\nvykon\u00e1va v Reeduka\u010dnom centre v Ko\u0161ice\u00a0 ZODPOVEDN\u00c1 OSOBA : p. Bc. Katar\u00edna PAVLOV\u00c1 , emailov\u00fd kontakt\u00a0<\/b><\/i><\/span><\/span><\/span><\/span><span style=\"color: #0000ff;\"><u><a href=\"mailto:zo@eurotrading.sk\" target=\"_blank\" rel=\"noopener\"><span style=\"color: #1155cc;\"><span style=\"font-family: arial, serif;\"><span style=\"font-size: medium;\"><span lang=\"sk-SK\"><i><b>zo@eurotrading.sk<\/b><\/i><\/span><\/span><\/span><\/span><\/a><\/u><\/span><span style=\"color: #990000;\"><span style=\"font-family: arial, serif;\"><span style=\"font-size: medium;\"><span lang=\"sk-SK\"><i><b>. na ktor\u00fa sa m\u00f4\u017ee obr\u00e1ti\u0165 ka\u017ed\u00e1 dotknut\u00e1 osoba, ktorej osobn\u00e9 \u00fadaje s\u00fa sprac\u00favan\u00e9 v Reeduka\u010dnom centre Ko\u0161ice.&#8220;<\/b><\/i><\/span><\/span><\/span><\/span><\/p>\n<p class=\"western\" lang=\"cs-CZ\"><span style=\"color: #990000;\"><span style=\"font-family: arial, serif;\"><span style=\"font-size: medium;\"><span lang=\"sk-SK\"><i><b> Tibor P A L K O<br \/>\n<\/b><\/i><\/span><\/span><\/span><\/span><span style=\"color: #990000;\"><span style=\"font-family: arial, serif;\"><span style=\"font-size: medium;\"><span lang=\"sk-SK\"><i><b> riadite\u013e<\/b><\/i><\/span><\/span><\/span><\/span><\/p>\n<p lang=\"cs-CZ\"><a href=\"http:\/\/www.rc-kosice.sk\/wp-content\/uploads\/2018\/05\/ochrana-O\u00da.docx\">ochrana osobn\u00fdch \u00fadajov<\/a><br \/>\n<a href=\"http:\/\/www.rc-kosice.sk\/wp-content\/uploads\/2018\/11\/zasady-pre-ochranu-osobnych-udajov.docx\">Z\u00e1sady pre ochranu osobn\u00fdch \u00fadajov<\/a><\/p>\n","protected":false},"excerpt":{"rendered":"<p>REEDUKA\u010cN\u00c9 CENTRUM Bankov 15\u00a0V \u00a0KO\u0160ICIACH 040 31 K\u00a0o\u00a0\u0161 i c e Tel. \u010d.: 055\/63 372 31,2,3 Fax: 055\/ 63 372 33 e-mail: rckosice@gmail.com Ko\u0161ice 21.5.2018 O Z N A M &#8222;Doh\u013ead nad ochranou osobn\u00fdch \u00fadajov\u00a0 ( v zmysle \u00a7 44 &hellip; <a href=\"https:\/\/www.rc-kosice.sk\/?page_id=1215\">Pokra\u010dova\u0165 v \u010d\u00edtan\u00ed <span class=\"meta-nav\">&rarr;<\/span><\/a><\/p>\n","protected":false},"author":3,"featured_media":0,"parent":0,"menu_order":0,"comment_status":"closed","ping_status":"closed","template":"","meta":[],"aioseo_notices":[],"_links":{"self":[{"href":"https:\/\/www.rc-kosice.sk\/index.php?rest_route=\/wp\/v2\/pages\/1215"}],"collection":[{"href":"https:\/\/www.rc-kosice.sk\/index.php?rest_route=\/wp\/v2\/pages"}],"about":[{"href":"https:\/\/www.rc-kosice.sk\/index.php?rest_route=\/wp\/v2\/types\/page"}],"author":[{"embeddable":true,"href":"https:\/\/www.rc-kosice.sk\/index.php?rest_route=\/wp\/v2\/users\/3"}],"replies":[{"embeddable":true,"href":"https:\/\/www.rc-kosice.sk\/index.php?rest_route=%2Fwp%2Fv2%2Fcomments&post=1215"}],"version-history":[{"count":3,"href":"https:\/\/www.rc-kosice.sk\/index.php?rest_route=\/wp\/v2\/pages\/1215\/revisions"}],"predecessor-version":[{"id":1259,"href":"https:\/\/www.rc-kosice.sk\/index.php?rest_route=\/wp\/v2\/pages\/1215\/revisions\/1259"}],"wp:attachment":[{"href":"https:\/\/www.rc-kosice.sk\/index.php?rest_route=%2Fwp%2Fv2%2Fmedia&parent=1215"}],"curies":[{"name":"wp","href":"https:\/\/api.w.org\/{rel}","templated":true}]}}